{"id":711,"date":"2016-06-26T14:10:37","date_gmt":"2016-06-26T12:10:37","guid":{"rendered":"http:\/\/genevray.com\/jerome\/?page_id=711"},"modified":"2024-01-11T09:10:10","modified_gmt":"2024-01-11T08:10:10","slug":"scenariste","status":"publish","type":"page","link":"https:\/\/genevray.com\/jerome\/?page_id=711","title":{"rendered":"Sc\u00e9nariste &#038; consultant"},"content":{"rendered":"<h2>Ecriture de long-m\u00e9trages<\/h2>\n<ul>\n<li>\u00ab\u00a0<strong>La nu\u00e9e<\/strong>\u00a0\u00bb (fantastique familial) : s\u00e9lectionn\u00e9 \u00e0 la r\u00e9sidence d\u2019\u00e9criture <em>So Film \/ Canal + \/ CNC \/ Wild Bunch<\/em> parmi 600 projets. Co-\u00e9criture avec Franck Victor. Production <em>Capricci <\/em>et <em>The Jokers films<\/em>.<br \/>\nAides au d\u00e9veloppement\u00a0<em>CNC\u00a0<\/em>et r\u00e9gion Aquitaine (2018). Avance sur recette commission \u00ab\u00a0film de genre\u00a0\u00bb du <em>CNC<\/em>. Finaliste 2019 \u00ab\u00a0Grand Prix du sc\u00e9nario &#8211; <em>SOPADIN<\/em>\u00ab\u00a0.<br \/>\n<em>Creative Europe Programme<\/em> &#8211; MEDIA of the European Union.<br \/>\nCoproduction <em>ARTE Cin\u00e9ma<\/em>, avec la participation de <em>Canal +<\/em> et Cin\u00e9 +.<br \/>\nEn salle le 16\/06\/2021 en France et sur <em>Netflix<\/em> monde.<br \/>\nLabel<em> Semaine de La Critique \u2013 Cannes 2020<\/em>. Prix de la <em>Critique et du Public \u00e0 G\u00e9rardmer<\/em>.<\/li>\n<li>\u00ab\u00a0<strong>The Hunted<\/strong>\u00a0\u00bb (survival). <em>White Lion (Noor Sadar)<\/em> et <em>Entre chiens et loups<\/em>. Ventes : Voltage Pictures US. Tourn\u00e9 en anglais, sortie en 2024.<\/li>\n<li>\u00ab\u00a0<strong>Les dents longues<\/strong> (ex Kernel Panic)\u00a0\u00bb (com\u00e9die fantastique). Production <em>SOGNI VERA FILMS &amp; Bright Light Films. <\/em>Aide du d\u00e9veloppement <em>CNC<\/em>.<\/li>\n<\/ul>\n<h2>Ecriture de s\u00e9ries<\/h2>\n<ul>\n<li>\u00ab\u00a0<strong>Hors de moi<\/strong>\u00a0\u00bb (cr\u00e9ation originale, mini-s\u00e9rie fantastique &amp; ado 6&#215;52&prime;), <em>Bonnes Ondes &amp; CQMM.<\/em><\/li>\n<\/ul>\n<h2>Consultation<\/h2>\n<p>Sp\u00e9cialit\u00e9s : la structuration, les codes des genres, la construction de personnage.<\/p>\n<figure id=\"attachment_864\" aria-describedby=\"caption-attachment-864\" style=\"width: 300px\" class=\"wp-caption alignleft\"><a href=\"http:\/\/genevray.com\/jerome\/?p=863\"><img loading=\"lazy\" decoding=\"async\" class=\"wp-image-864 size-medium\" src=\"http:\/\/genevray.com\/jerome\/wp-content\/uploads\/2018\/09\/Une-histoire-Th\u00e8me-personnages-et-structure-300x184.png\" alt=\"Carte heuristique d'analyse d'un sc\u00e9nario\" width=\"300\" height=\"184\" srcset=\"https:\/\/genevray.com\/jerome\/wp-content\/uploads\/2018\/09\/Une-histoire-Th\u00e8me-personnages-et-structure-300x184.png 300w, https:\/\/genevray.com\/jerome\/wp-content\/uploads\/2018\/09\/Une-histoire-Th\u00e8me-personnages-et-structure-768x472.png 768w, https:\/\/genevray.com\/jerome\/wp-content\/uploads\/2018\/09\/Une-histoire-Th\u00e8me-personnages-et-structure-1024x630.png 1024w\" sizes=\"auto, (max-width: 300px) 100vw, 300px\" \/><\/a><figcaption id=\"caption-attachment-864\" class=\"wp-caption-text\">Carte heuristique d&rsquo;analyse d&rsquo;un sc\u00e9nario<\/figcaption><\/figure>\n<p>Consultations pour des productions et des distributeurs : <em>Radar Films,\u00a0Les Improductibles, Condor Entertainement, Diabolo Film, M.E.S. Film, Taronja prod (Telfrance), etc.<\/em><\/p>\n<p>Collaboration artistique aux sc\u00e9narios pour <em>SND \/ M6 Films<\/em> (100+ sc\u00e9narios analys\u00e9s).<\/p>\n<h2>Deux livres sur\u00a0cin\u00e9ma<\/h2>\n<p>\u00ab\u00a0<a href=\"http:\/\/genevray.com\/jerome\/?p=456\"><strong>Cin\u00e9ma Gu\u00e9rilla<\/strong><\/a>\u00a0\u00bb (Dunod, traduit en chinois)\u00a0: livre sur la production low-cost.<br \/>\n\u00ab\u00a0<a href=\"http:\/\/genevray.com\/jerome\/?p=456\"><strong>A la mani\u00e8re des grands r\u00e9alisateurs<\/strong><\/a>\u00a0\u00bb\u00a0(Hachette)\u00a0: livre sur les diff\u00e9rents genres au cin\u00e9ma.<\/p>\n","protected":false},"excerpt":{"rendered":"<p>Ecriture de long-m\u00e9trages \u00ab\u00a0La nu\u00e9e\u00a0\u00bb (fantastique familial) : s\u00e9lectionn\u00e9 \u00e0 la r\u00e9sidence d\u2019\u00e9criture So Film \/ Canal + \/ CNC \/ Wild Bunch parmi 600 projets. Co-\u00e9criture avec Franck Victor. Production Capricci et The Jokers<a class=\"read-more\" href=\"https:\/\/genevray.com\/jerome\/?page_id=711\">Continue reading<\/a><\/p>\n","protected":false},"author":1,"featured_media":0,"parent":0,"menu_order":0,"comment_status":"closed","ping_status":"closed","template":"","meta":{"footnotes":""},"class_list":["post-711","page","type-page","status-publish","hentry"],"_links":{"self":[{"href":"https:\/\/genevray.com\/jerome\/index.php?rest_route=\/wp\/v2\/pages\/711","targetHints":{"allow":["GET"]}}],"collection":[{"href":"https:\/\/genevray.com\/jerome\/index.php?rest_route=\/wp\/v2\/pages"}],"about":[{"href":"https:\/\/genevray.com\/jerome\/index.php?rest_route=\/wp\/v2\/types\/page"}],"author":[{"embeddable":true,"href":"https:\/\/genevray.com\/jerome\/index.php?rest_route=\/wp\/v2\/users\/1"}],"replies":[{"embeddable":true,"href":"https:\/\/genevray.com\/jerome\/index.php?rest_route=%2Fwp%2Fv2%2Fcomments&post=711"}],"version-history":[{"count":70,"href":"https:\/\/genevray.com\/jerome\/index.php?rest_route=\/wp\/v2\/pages\/711\/revisions"}],"predecessor-version":[{"id":1296,"href":"https:\/\/genevray.com\/jerome\/index.php?rest_route=\/wp\/v2\/pages\/711\/revisions\/1296"}],"wp:attachment":[{"href":"https:\/\/genevray.com\/jerome\/index.php?rest_route=%2Fwp%2Fv2%2Fmedia&parent=711"}],"curies":[{"name":"wp","href":"https:\/\/api.w.org\/{rel}","templated":true}]}}