{"id":507,"date":"2012-07-26T10:37:23","date_gmt":"2012-07-26T08:37:23","guid":{"rendered":"http:\/\/genevray.com\/jerome\/?page_id=507"},"modified":"2024-02-27T15:46:37","modified_gmt":"2024-02-27T14:46:37","slug":"contact-2","status":"publish","type":"page","link":"https:\/\/genevray.com\/jerome\/?page_id=507","title":{"rendered":"Bio"},"content":{"rendered":"<p><img loading=\"lazy\" decoding=\"async\" class=\"wp-image-735 alignright\" src=\"http:\/\/genevray.com\/jerome\/wp-content\/uploads\/2016\/04\/Shoot-41-e1461342654306.jpg\" alt=\"\" width=\"177\" height=\"266\" \/><i><span class=\"gmail_default\">\u200b\u200bJ\u00e9r\u00f4me Genevray adore les contes, l\u00e9gendes et mythes pour leur port\u00e9e universelle et symbolique<\/span>. Tout a commenc\u00e9 avec un camescope sur les bancs du lyc\u00e9e.<br \/>\nApr\u00e8s avoir \u00e9t\u00e9 producteur et r\u00e9alisateur de publicit\u00e9, il est consultant pour SND \/ M6 Films. Il \u00e9crit deux livres sur le cin\u00e9ma, <strong>A la mani\u00e8re des grands r\u00e9alisateurs<\/strong> (pr\u00e9face de R\u00e9mi Bezan\u00e7on) et <strong>Cin\u00e9ma Gu\u00e9rilla<\/strong> (Dunod). Il retrouve sa passion de jeunesse, en collaborant avec <strong>Ubisoft<\/strong> comme consultant narratif sur les jeux vid\u00e9o AAA (tels que Assassin&rsquo;s Creed, Starwars, etc.).<br \/>\nIl r\u00e9alise plusieurs courts m\u00e9trages, dont <strong>Zombie Ch\u00e9ri<\/strong> (avec Linh-Dan Pham, Pio Marma\u00ef, Production Canal +).<br \/>\nDerni\u00e8rement, il a \u00e9crit les scripts des long-m\u00e9trages de <strong><a href=\"http:\/\/genevray.com\/jerome\/?p=918\">La Nu\u00e9e<\/a><\/strong> (produit par Capricci, The Jokers film et ARTE) qui a obtenu le Label Semaine de la Critique et deux prix au Festival de G\u00e9rardmer, et de <strong>The Hunted<\/strong> (produit par Black Swan Tales &amp; Entre chien et loup, sortie en 2024 sur Apple TV et Prime).<\/i><\/p>\n<div dir=\"ltr\">\n<div class=\"gmail_default\"><\/div>\n<div><\/div>\n<\/div>\n<table style=\"height: 174px;\" width=\"683\">\n<tbody>\n<tr>\n<td valign=\"top\"><img loading=\"lazy\" decoding=\"async\" class=\"wp-image-243 size-medium alignright\" src=\"http:\/\/genevray.com\/jerome\/wp-content\/uploads\/2012\/01\/2011-11-25-17-37-18-175-300x199.jpg\" width=\"300\" height=\"199\" srcset=\"https:\/\/genevray.com\/jerome\/wp-content\/uploads\/2012\/01\/2011-11-25-17-37-18-175-300x199.jpg 300w, https:\/\/genevray.com\/jerome\/wp-content\/uploads\/2012\/01\/2011-11-25-17-37-18-175-1024x681.jpg 1024w\" sizes=\"auto, (max-width: 300px) 100vw, 300px\" \/><\/td>\n<td valign=\"top\">\u200b<em style=\"font-size: inherit;\"><em style=\"font-size: inherit;\">Ecrivez-moi (jerome(at)genevray.com),<\/em><\/em><\/p>\n<p><em style=\"font-size: inherit;\"><a href=\"http:\/\/www.vma.fr\/fiche.cfm\/263342_jerome-genevray\">Voyez Mon Agent<\/a> B\u00e9atrice Hall,<\/em><\/p>\n<p><em>Rendez-vous sur <a href=\"https:\/\/www.linkedin.com\/in\/jeromegenevray\/\">LinkedIn<\/a>, <a href=\"https:\/\/www.instagram.com\/jerome_genevray\/\">Instagram.<\/a><\/em><\/td>\n<\/tr>\n<\/tbody>\n<\/table>\n","protected":false},"excerpt":{"rendered":"<p>\u200b\u200bJ\u00e9r\u00f4me Genevray adore les contes, l\u00e9gendes et mythes pour leur port\u00e9e universelle et symbolique. Tout a commenc\u00e9 avec un camescope sur les bancs du lyc\u00e9e. Apr\u00e8s avoir \u00e9t\u00e9 producteur et r\u00e9alisateur de publicit\u00e9, il est<a class=\"read-more\" href=\"https:\/\/genevray.com\/jerome\/?page_id=507\">Continue reading<\/a><\/p>\n","protected":false},"author":1,"featured_media":0,"parent":0,"menu_order":5,"comment_status":"closed","ping_status":"closed","template":"","meta":{"footnotes":""},"class_list":["post-507","page","type-page","status-publish","hentry"],"_links":{"self":[{"href":"https:\/\/genevray.com\/jerome\/index.php?rest_route=\/wp\/v2\/pages\/507","targetHints":{"allow":["GET"]}}],"collection":[{"href":"https:\/\/genevray.com\/jerome\/index.php?rest_route=\/wp\/v2\/pages"}],"about":[{"href":"https:\/\/genevray.com\/jerome\/index.php?rest_route=\/wp\/v2\/types\/page"}],"author":[{"embeddable":true,"href":"https:\/\/genevray.com\/jerome\/index.php?rest_route=\/wp\/v2\/users\/1"}],"replies":[{"embeddable":true,"href":"https:\/\/genevray.com\/jerome\/index.php?rest_route=%2Fwp%2Fv2%2Fcomments&post=507"}],"version-history":[{"count":27,"href":"https:\/\/genevray.com\/jerome\/index.php?rest_route=\/wp\/v2\/pages\/507\/revisions"}],"predecessor-version":[{"id":1303,"href":"https:\/\/genevray.com\/jerome\/index.php?rest_route=\/wp\/v2\/pages\/507\/revisions\/1303"}],"wp:attachment":[{"href":"https:\/\/genevray.com\/jerome\/index.php?rest_route=%2Fwp%2Fv2%2Fmedia&parent=507"}],"curies":[{"name":"wp","href":"https:\/\/api.w.org\/{rel}","templated":true}]}}